{"id":14670,"date":"2020-09-23T08:51:33","date_gmt":"2020-09-23T11:51:33","guid":{"rendered":"https:\/\/www.metrotel.com.ar\/?page_id=14670"},"modified":"2024-11-02T00:17:02","modified_gmt":"2024-11-02T03:17:02","slug":"recargas","status":"publish","type":"page","link":"https:\/\/metrotel.com.ar\/metrotel\/ivoz-global\/recargas\/","title":{"rendered":"IVOZ Recargas"},"content":{"rendered":"<p>[et_pb_section fb_built=\u00bb1&#8243; custom_padding_last_edited=\u00bbon|desktop\u00bb admin_label=\u00bbHeader\u00bb _builder_version=\u00bb4.24.2&#8243; background_color=\u00bb#595959&#8243; background_image=\u00bbhttps:\/\/www.metrotel.com.ar\/wp-content\/uploads\/2020\/09\/recargas.jpg\u00bb custom_margin=\u00bb||||false\u00bb custom_padding=\u00bb0px||0px||true|false\u00bb custom_padding_tablet=\u00bb40px||40px||true|false\u00bb custom_padding_phone=\u00bb20px||20px||true|false\u00bb bottom_divider_style=\u00bbslant\u00bb bottom_divider_color=\u00bb#ffffff\u00bb global_colors_info=\u00bb{}\u00bb][et_pb_row custom_padding_last_edited=\u00bbon|tablet\u00bb _builder_version=\u00bb4.16&#8243; max_width=\u00bb80%\u00bb custom_padding=\u00bb0px|0px|0|0px|false|false\u00bb custom_padding_tablet=\u00bb80px||80px||true|false\u00bb custom_padding_phone=\u00bb30px|0px|30px|0px|true|false\u00bb use_custom_width=\u00bbon\u00bb width_unit=\u00bboff\u00bb global_colors_info=\u00bb{}\u00bb][et_pb_column type=\u00bb4_4&#8243; _builder_version=\u00bb4.16&#8243; custom_padding=\u00bb80px||80px||false|false\u00bb global_colors_info=\u00bb{}\u00bb custom_padding__hover=\u00bb|||\u00bb][et_pb_image src=\u00bbhttps:\/\/metrotel.com.ar\/metrotel\/wp-content\/uploads\/2020\/08\/logo_ivoz_b-03.png\u00bb title_text=\u00bblogo_ivoz_b-03&#8243; _builder_version=\u00bb4.24.2&#8243; _module_preset=\u00bbdefault\u00bb hover_enabled=\u00bb0&#8243; global_colors_info=\u00bb{}\u00bb align=\u00bbcenter\u00bb sticky_enabled=\u00bb0&#8243;][\/et_pb_image][et_pb_text _builder_version=\u00bb4.16&#8243; text_font=\u00bbMontserrat|700|||||||\u00bb text_text_color=\u00bb#ffffff\u00bb text_font_size=\u00bb55px\u00bb header_font=\u00bbPoppins|300|||||||\u00bb header_text_color=\u00bb#ffffff\u00bb header_font_size=\u00bb70px\u00bb header_2_font=\u00bbPoppins|300|||||||\u00bb header_2_text_color=\u00bb#ffffff\u00bb header_2_font_size=\u00bb70px\u00bb text_orientation=\u00bbcenter\u00bb text_font_size_tablet=\u00bb30px\u00bb text_font_size_phone=\u00bb\u00bb text_font_size_last_edited=\u00bbon|desktop\u00bb text_orientation_tablet=\u00bb\u00bb text_orientation_phone=\u00bb\u00bb text_orientation_last_edited=\u00bbon|desktop\u00bb global_colors_info=\u00bb{}\u00bb]<\/p>\n<h1>TELEFON\u00cdA IP<\/h1>\n<p>[\/et_pb_text][et_pb_text _builder_version=\u00bb4.16&#8243; text_font=\u00bbMontserrat|600|||||||\u00bb text_text_color=\u00bb#ffffff\u00bb text_font_size=\u00bb35px\u00bb text_line_height=\u00bb1.9em\u00bb header_2_font=\u00bbPoppins|300|||||||\u00bb header_2_text_align=\u00bbcenter\u00bb header_2_text_color=\u00bb#ffffff\u00bb custom_margin=\u00bb||47px|||\u00bb text_font_size_tablet=\u00bb20px\u00bb text_font_size_phone=\u00bb\u00bb text_font_size_last_edited=\u00bbon|desktop\u00bb global_colors_info=\u00bb{}\u00bb]<\/p>\n<h2 data-fontsize=\"33\" data-lineheight=\"47\"><strong>Pag\u00e1 tu factura<\/strong> o <strong>recarg\u00e1 tu l\u00ednea <\/strong>de forma r\u00e1pida y sin moverte de tu casa.<\/h2>\n<p>[\/et_pb_text][\/et_pb_column][\/et_pb_row][\/et_pb_section][et_pb_section fb_built=\u00bb1&#8243; admin_label=\u00bbFeatures\u00bb module_id=\u00bbIVOZ\u00bb _builder_version=\u00bb4.16&#8243; background_color=\u00bb#ffffff\u00bb custom_margin=\u00bb||||false|false\u00bb custom_padding=\u00bb11px||0px||false|false\u00bb bottom_divider_style=\u00bbslant\u00bb bottom_divider_color=\u00bb#ffffff\u00bb global_colors_info=\u00bb{}\u00bb][et_pb_row _builder_version=\u00bb4.16&#8243; custom_padding=\u00bb11px|||||\u00bb global_colors_info=\u00bb{}\u00bb][et_pb_column type=\u00bb4_4&#8243; _builder_version=\u00bb4.16&#8243; global_colors_info=\u00bb{}\u00bb][et_pb_code _builder_version=\u00bb4.16&#8243; text_orientation=\u00bbcenter\u00bb min_height=\u00bb349px\u00bb custom_padding=\u00bb||0px|||\u00bb global_colors_info=\u00bb{}\u00bb]<iframe loading=\"lazy\" src=\"https:\/\/www2.metrotel.com.ar\/recargas\/index.php \" width=\"100%\" height=\"600\" frameborder=\"0\" style=\"border:none; overflow-x:hidden\"><\/iframe>[\/et_pb_code][\/et_pb_column][\/et_pb_row][\/et_pb_section][et_pb_section fb_built=\u00bb1&#8243; module_id=\u00bbQUIERO\u00bb _builder_version=\u00bb4.16&#8243; use_background_color_gradient=\u00bbon\u00bb global_colors_info=\u00bb{}\u00bb][et_pb_row _builder_version=\u00bb4.16&#8243; custom_padding=\u00bb26px|||||\u00bb global_colors_info=\u00bb{}\u00bb][et_pb_column type=\u00bb4_4&#8243; _builder_version=\u00bb4.16&#8243; global_colors_info=\u00bb{}\u00bb][et_pb_image src=\u00bbhttps:\/\/www.metrotel.com.ar\/wp-content\/uploads\/2020\/09\/logo_ivoz_b-03_sombra.png\u00bb align=\u00bbcenter\u00bb _builder_version=\u00bb4.16&#8243; width=\u00bb54%\u00bb max_width=\u00bb59%\u00bb custom_margin=\u00bb||-1px|||\u00bb custom_padding=\u00bb|0px||||\u00bb global_colors_info=\u00bb{}\u00bb][\/et_pb_image][et_pb_text _builder_version=\u00bb4.16&#8243; text_font=\u00bbMontserrat|700|||||||\u00bb text_text_color=\u00bb#ffffff\u00bb text_font_size=\u00bb40px\u00bb text_line_height=\u00bb1.6em\u00bb header_2_font=\u00bbPoppins|600|||||||\u00bb header_2_font_size=\u00bb40px\u00bb header_2_line_height=\u00bb1.4em\u00bb header_3_font=\u00bbPoppins|600||on|||||\u00bb header_3_text_color=\u00bb#ff885a\u00bb header_3_font_size=\u00bb13px\u00bb header_3_letter_spacing=\u00bb2px\u00bb header_3_line_height=\u00bb1.8em\u00bb text_orientation=\u00bbcenter\u00bb background_layout=\u00bbdark\u00bb max_width=\u00bb700px\u00bb module_alignment=\u00bbcenter\u00bb header_2_font_size_tablet=\u00bb26px\u00bb header_2_font_size_phone=\u00bb20px\u00bb header_2_font_size_last_edited=\u00bbon|phone\u00bb global_colors_info=\u00bb{}\u00bb]<\/p>\n<p data-fontsize=\"33\" data-lineheight=\"47\">PED\u00cd TU IVOZ<br \/>0800.362.1500<\/p>\n<p>[\/et_pb_text][et_pb_text _builder_version=\u00bb4.16&#8243; text_font=\u00bbMontserrat||||||||\u00bb text_text_color=\u00bb#ffffff\u00bb text_font_size=\u00bb30px\u00bb text_orientation=\u00bbcenter\u00bb text_font_size_tablet=\u00bb\u00bb text_font_size_phone=\u00bb20px\u00bb text_font_size_last_edited=\u00bbon|phone\u00bb global_colors_info=\u00bb{}\u00bb]<\/p>\n<p>De lunes a viernes de 9 hs. a 18 hs.<\/p>\n<p>[\/et_pb_text][\/et_pb_column][\/et_pb_row][\/et_pb_section]<\/p>\n","protected":false},"excerpt":{"rendered":"<p>TELEFON\u00cdA IPPag\u00e1 tu factura o recarg\u00e1 tu l\u00ednea de forma r\u00e1pida y sin moverte de tu casa.PED\u00cd TU IVOZ0800.362.1500De lunes a viernes de 9 hs. a 18 hs.<\/p>\n","protected":false},"author":8,"featured_media":0,"parent":14093,"menu_order":0,"comment_status":"closed","ping_status":"closed","template":"","meta":{"_et_pb_use_builder":"on","_et_pb_old_content":"","_et_gb_content_width":"","footnotes":""},"class_list":["post-14670","page","type-page","status-publish","hentry"],"yoast_head":"<!-- This site is optimized with the Yoast SEO plugin v23.8 - https:\/\/yoast.com\/wordpress\/plugins\/seo\/ -->\n<title>IVOZ Recargas - Metrotel<\/title>\n<meta name=\"description\" content=\"Pag\u00e1 tu factura o recarg\u00e1 tu l\u00ednea iVoz de forma r\u00e1pida y sin moverte de tu casa.\" \/>\n<meta name=\"robots\" content=\"noindex, follow, max-snippet:-1, max-image-preview:large, max-video-preview:-1\" \/>\n<meta property=\"og:locale\" content=\"es_ES\" \/>\n<meta property=\"og:type\" content=\"article\" \/>\n<meta property=\"og:title\" content=\"IVOZ Recargas - Metrotel\" \/>\n<meta property=\"og:description\" content=\"Pag\u00e1 tu factura o recarg\u00e1 tu l\u00ednea iVoz de forma r\u00e1pida y sin moverte de tu casa.\" \/>\n<meta property=\"og:url\" content=\"https:\/\/metrotel.com.ar\/metrotel\/ivoz-global\/recargas\/\" \/>\n<meta property=\"og:site_name\" content=\"Metrotel\" \/>\n<meta property=\"article:modified_time\" content=\"2024-11-02T03:17:02+00:00\" \/>\n<meta name=\"twitter:card\" content=\"summary_large_image\" \/>\n<meta name=\"twitter:label1\" content=\"Tiempo de lectura\" \/>\n\t<meta name=\"twitter:data1\" content=\"3 minutos\" \/>\n<script type=\"application\/ld+json\" class=\"yoast-schema-graph\">{\"@context\":\"https:\/\/schema.org\",\"@graph\":[{\"@type\":\"WebPage\",\"@id\":\"https:\/\/metrotel.com.ar\/metrotel\/ivoz-global\/recargas\/\",\"url\":\"https:\/\/metrotel.com.ar\/metrotel\/ivoz-global\/recargas\/\",\"name\":\"IVOZ Recargas - Metrotel\",\"isPartOf\":{\"@id\":\"https:\/\/metrotel.com.ar\/metrotel\/#website\"},\"datePublished\":\"2020-09-23T11:51:33+00:00\",\"dateModified\":\"2024-11-02T03:17:02+00:00\",\"description\":\"Pag\u00e1 tu factura o recarg\u00e1 tu l\u00ednea iVoz de forma r\u00e1pida y sin moverte de tu casa.\",\"breadcrumb\":{\"@id\":\"https:\/\/metrotel.com.ar\/metrotel\/ivoz-global\/recargas\/#breadcrumb\"},\"inLanguage\":\"es\",\"potentialAction\":[{\"@type\":\"ReadAction\",\"target\":[\"https:\/\/metrotel.com.ar\/metrotel\/ivoz-global\/recargas\/\"]}]},{\"@type\":\"BreadcrumbList\",\"@id\":\"https:\/\/metrotel.com.ar\/metrotel\/ivoz-global\/recargas\/#breadcrumb\",\"itemListElement\":[{\"@type\":\"ListItem\",\"position\":1,\"name\":\"Portada\",\"item\":\"https:\/\/metrotel.com.ar\/metrotel\/\"},{\"@type\":\"ListItem\",\"position\":2,\"name\":\"ivoz global\",\"item\":\"https:\/\/metrotel.com.ar\/metrotel\/ivoz-global\/\"},{\"@type\":\"ListItem\",\"position\":3,\"name\":\"IVOZ Recargas\"}]},{\"@type\":\"WebSite\",\"@id\":\"https:\/\/metrotel.com.ar\/metrotel\/#website\",\"url\":\"https:\/\/metrotel.com.ar\/metrotel\/\",\"name\":\"Metrotel\",\"description\":\"Te conecta con fibra \u00f3ptica.\",\"potentialAction\":[{\"@type\":\"SearchAction\",\"target\":{\"@type\":\"EntryPoint\",\"urlTemplate\":\"https:\/\/metrotel.com.ar\/metrotel\/?s={search_term_string}\"},\"query-input\":{\"@type\":\"PropertyValueSpecification\",\"valueRequired\":true,\"valueName\":\"search_term_string\"}}],\"inLanguage\":\"es\"}]}<\/script>\n<!-- \/ Yoast SEO plugin. -->","yoast_head_json":{"title":"IVOZ Recargas - Metrotel","description":"Pag\u00e1 tu factura o recarg\u00e1 tu l\u00ednea iVoz de forma r\u00e1pida y sin moverte de tu casa.","robots":{"index":"noindex","follow":"follow","max-snippet":"max-snippet:-1","max-image-preview":"max-image-preview:large","max-video-preview":"max-video-preview:-1"},"og_locale":"es_ES","og_type":"article","og_title":"IVOZ Recargas - Metrotel","og_description":"Pag\u00e1 tu factura o recarg\u00e1 tu l\u00ednea iVoz de forma r\u00e1pida y sin moverte de tu casa.","og_url":"https:\/\/metrotel.com.ar\/metrotel\/ivoz-global\/recargas\/","og_site_name":"Metrotel","article_modified_time":"2024-11-02T03:17:02+00:00","twitter_card":"summary_large_image","twitter_misc":{"Tiempo de lectura":"3 minutos"},"schema":{"@context":"https:\/\/schema.org","@graph":[{"@type":"WebPage","@id":"https:\/\/metrotel.com.ar\/metrotel\/ivoz-global\/recargas\/","url":"https:\/\/metrotel.com.ar\/metrotel\/ivoz-global\/recargas\/","name":"IVOZ Recargas - Metrotel","isPartOf":{"@id":"https:\/\/metrotel.com.ar\/metrotel\/#website"},"datePublished":"2020-09-23T11:51:33+00:00","dateModified":"2024-11-02T03:17:02+00:00","description":"Pag\u00e1 tu factura o recarg\u00e1 tu l\u00ednea iVoz de forma r\u00e1pida y sin moverte de tu casa.","breadcrumb":{"@id":"https:\/\/metrotel.com.ar\/metrotel\/ivoz-global\/recargas\/#breadcrumb"},"inLanguage":"es","potentialAction":[{"@type":"ReadAction","target":["https:\/\/metrotel.com.ar\/metrotel\/ivoz-global\/recargas\/"]}]},{"@type":"BreadcrumbList","@id":"https:\/\/metrotel.com.ar\/metrotel\/ivoz-global\/recargas\/#breadcrumb","itemListElement":[{"@type":"ListItem","position":1,"name":"Portada","item":"https:\/\/metrotel.com.ar\/metrotel\/"},{"@type":"ListItem","position":2,"name":"ivoz global","item":"https:\/\/metrotel.com.ar\/metrotel\/ivoz-global\/"},{"@type":"ListItem","position":3,"name":"IVOZ Recargas"}]},{"@type":"WebSite","@id":"https:\/\/metrotel.com.ar\/metrotel\/#website","url":"https:\/\/metrotel.com.ar\/metrotel\/","name":"Metrotel","description":"Te conecta con fibra \u00f3ptica.","potentialAction":[{"@type":"SearchAction","target":{"@type":"EntryPoint","urlTemplate":"https:\/\/metrotel.com.ar\/metrotel\/?s={search_term_string}"},"query-input":{"@type":"PropertyValueSpecification","valueRequired":true,"valueName":"search_term_string"}}],"inLanguage":"es"}]}},"_links":{"self":[{"href":"https:\/\/metrotel.com.ar\/metrotel\/wp-json\/wp\/v2\/pages\/14670"}],"collection":[{"href":"https:\/\/metrotel.com.ar\/metrotel\/wp-json\/wp\/v2\/pages"}],"about":[{"href":"https:\/\/metrotel.com.ar\/metrotel\/wp-json\/wp\/v2\/types\/page"}],"author":[{"embeddable":true,"href":"https:\/\/metrotel.com.ar\/metrotel\/wp-json\/wp\/v2\/users\/8"}],"replies":[{"embeddable":true,"href":"https:\/\/metrotel.com.ar\/metrotel\/wp-json\/wp\/v2\/comments?post=14670"}],"version-history":[{"count":7,"href":"https:\/\/metrotel.com.ar\/metrotel\/wp-json\/wp\/v2\/pages\/14670\/revisions"}],"predecessor-version":[{"id":50184,"href":"https:\/\/metrotel.com.ar\/metrotel\/wp-json\/wp\/v2\/pages\/14670\/revisions\/50184"}],"up":[{"embeddable":true,"href":"https:\/\/metrotel.com.ar\/metrotel\/wp-json\/wp\/v2\/pages\/14093"}],"wp:attachment":[{"href":"https:\/\/metrotel.com.ar\/metrotel\/wp-json\/wp\/v2\/media?parent=14670"}],"curies":[{"name":"wp","href":"https:\/\/api.w.org\/{rel}","templated":true}]}}